{"id":1292,"date":"2026-02-11T19:22:54","date_gmt":"2026-02-11T18:22:54","guid":{"rendered":"https:\/\/www.bettertrust.com\/pr\/?page_id=1292"},"modified":"2026-03-03T13:00:18","modified_gmt":"2026-03-03T12:00:18","slug":"kontakt","status":"publish","type":"page","link":"https:\/\/www.bettertrust.com\/pr\/kontakt\/","title":{"rendered":"Kontakt"},"content":{"rendered":"\t\t<div data-elementor-type=\"wp-page\" data-elementor-id=\"1292\" class=\"elementor elementor-1292\" data-elementor-post-type=\"page\">\n\t\t\t\t<div class=\"elementor-element elementor-element-eb63ea8 e-flex e-con-boxed e-con e-parent\" data-id=\"eb63ea8\" data-element_type=\"container\" data-e-type=\"container\" data-settings=\"{&quot;background_background&quot;:&quot;classic&quot;}\">\n\t\t\t\t\t<div class=\"e-con-inner\">\n\t\t\t\t<div class=\"elementor-element elementor-element-6a1f265 elementor-widget__width-initial elementor-widget elementor-widget-heading\" data-id=\"6a1f265\" data-element_type=\"widget\" data-e-type=\"widget\" data-widget_type=\"heading.default\">\n\t\t\t\t\t<h1 class=\"elementor-heading-title elementor-size-default\">Nehmen Sie Kontakt auf und gewinnen Sie Klarheit \u00fcber Ihr PR-Potenzial.<span style=\"font-size: 2rem\"><\/span><\/h1>\t\t\t\t<\/div>\n\t\t\t\t<div class=\"elementor-element elementor-element-b0de12e elementor-widget__width-initial elementor-button-align-stretch elementor-widget elementor-widget-form\" data-id=\"b0de12e\" data-element_type=\"widget\" data-e-type=\"widget\" data-settings=\"{&quot;button_width&quot;:&quot;40&quot;,&quot;step_next_label&quot;:&quot;N\\u00e4chster&quot;,&quot;step_previous_label&quot;:&quot;Voriger&quot;,&quot;step_type&quot;:&quot;number_text&quot;,&quot;step_icon_shape&quot;:&quot;circle&quot;}\" data-widget_type=\"form.default\">\n\t\t\t\t\t\t\t<form class=\"elementor-form\" method=\"post\" name=\"Neues Formular\" aria-label=\"Neues Formular\">\n\t\t\t<input type=\"hidden\" name=\"post_id\" value=\"1292\"\/>\n\t\t\t<input type=\"hidden\" name=\"form_id\" value=\"b0de12e\"\/>\n\t\t\t<input type=\"hidden\" name=\"referer_title\" value=\"\" \/>\n\n\t\t\t\n\t\t\t<div class=\"elementor-form-fields-wrapper elementor-labels-above\">\n\t\t\t\t\t\t\t\t<div class=\"elementor-field-type-text elementor-field-group elementor-column elementor-field-group-name elementor-col-50 elementor-field-required\">\n\t\t\t\t\t\t\t\t\t\t\t\t<label for=\"form-field-name\" class=\"elementor-field-label\">\n\t\t\t\t\t\t\t\tIhr Vorname*\t\t\t\t\t\t\t<\/label>\n\t\t\t\t\t\t\t\t\t\t\t\t\t\t<input size=\"1\" type=\"text\" name=\"form_fields[name]\" id=\"form-field-name\" class=\"elementor-field elementor-size-sm  elementor-field-textual\" placeholder=\"Betta\" required=\"required\">\n\t\t\t\t\t\t\t\t\t\t\t<\/div>\n\t\t\t\t\t\t\t\t<div class=\"elementor-field-type-text elementor-field-group elementor-column elementor-field-group-field_707dc5d elementor-col-50 elementor-field-required\">\n\t\t\t\t\t\t\t\t\t\t\t\t<label for=\"form-field-field_707dc5d\" class=\"elementor-field-label\">\n\t\t\t\t\t\t\t\tIhr Nachname*\t\t\t\t\t\t\t<\/label>\n\t\t\t\t\t\t\t\t\t\t\t\t\t\t<input size=\"1\" type=\"text\" name=\"form_fields[field_707dc5d]\" id=\"form-field-field_707dc5d\" class=\"elementor-field elementor-size-sm  elementor-field-textual\" placeholder=\"Trust\" required=\"required\">\n\t\t\t\t\t\t\t\t\t\t\t<\/div>\n\t\t\t\t\t\t\t\t<div class=\"elementor-field-type-email elementor-field-group elementor-column elementor-field-group-email elementor-col-100 elementor-field-required\">\n\t\t\t\t\t\t\t\t\t\t\t\t<label for=\"form-field-email\" class=\"elementor-field-label\">\n\t\t\t\t\t\t\t\tUnternehmens-E-Mail-Adresse*\t\t\t\t\t\t\t<\/label>\n\t\t\t\t\t\t\t\t\t\t\t\t\t\t<input size=\"1\" type=\"email\" name=\"form_fields[email]\" id=\"form-field-email\" class=\"elementor-field elementor-size-sm  elementor-field-textual\" placeholder=\"E-Mail\" required=\"required\">\n\t\t\t\t\t\t\t\t\t\t\t<\/div>\n\t\t\t\t\t\t\t\t<div class=\"elementor-field-type-tel elementor-field-group elementor-column elementor-field-group-field_1c5da5f elementor-col-100 elementor-field-required\">\n\t\t\t\t\t\t\t\t\t\t\t\t<label for=\"form-field-field_1c5da5f\" class=\"elementor-field-label\">\n\t\t\t\t\t\t\t\tIhre Telefonnummer*\t\t\t\t\t\t\t<\/label>\n\t\t\t\t\t\t\t\t<input size=\"1\" type=\"tel\" name=\"form_fields[field_1c5da5f]\" id=\"form-field-field_1c5da5f\" class=\"elementor-field elementor-size-sm  elementor-field-textual\" placeholder=\"\ud83c\udde9\ud83c\uddea +49\" required=\"required\" pattern=\"[0-9()#&amp;+*-=.]+\" title=\"Nur Nummern oder Telefon-Zeichen (#, -, *, etc) werden akzeptiert.\">\n\n\t\t\t\t\t\t<\/div>\n\t\t\t\t\t\t\t\t<div class=\"elementor-field-type-text elementor-field-group elementor-column elementor-field-group-field_ff03585 elementor-col-100 elementor-field-required\">\n\t\t\t\t\t\t\t\t\t\t\t\t<label for=\"form-field-field_ff03585\" class=\"elementor-field-label\">\n\t\t\t\t\t\t\t\tIhr Unternehmen*\t\t\t\t\t\t\t<\/label>\n\t\t\t\t\t\t\t\t\t\t\t\t\t\t<input size=\"1\" type=\"text\" name=\"form_fields[field_ff03585]\" id=\"form-field-field_ff03585\" class=\"elementor-field elementor-size-sm  elementor-field-textual\" placeholder=\"Unternehmen GmbH\" required=\"required\">\n\t\t\t\t\t\t\t\t\t\t\t<\/div>\n\t\t\t\t\t\t\t\t<div class=\"elementor-field-group elementor-column elementor-field-type-submit elementor-col-40 e-form__buttons\">\n\t\t\t\t\t<button class=\"elementor-button elementor-size-sm\" type=\"submit\">\n\t\t\t\t\t\t<span class=\"elementor-button-content-wrapper\">\n\t\t\t\t\t\t\t\t\t\t\t\t\t\t\t\t\t\t\t\t\t\t<span class=\"elementor-button-text\">Anfrage Senden <\/span>\n\t\t\t\t\t\t\t\t\t\t\t\t\t<\/span>\n\t\t\t\t\t<\/button>\n\t\t\t\t<\/div>\n\t\t\t<\/div>\n\t\t<\/form>\n\t\t\t\t\t\t<\/div>\n\t\t<div class=\"elementor-element elementor-element-00ae31a e-con-full elementor-hidden-mobile e-flex e-con e-child\" data-id=\"00ae31a\" data-element_type=\"container\" data-e-type=\"container\">\n\t\t\t\t<div class=\"elementor-element elementor-element-76870ee elementor-widget__width-initial elementor-widget elementor-widget-image\" data-id=\"76870ee\" data-element_type=\"widget\" data-e-type=\"widget\" data-widget_type=\"image.default\">\n\t\t\t\t\t\t\t\t\t\t\t\t\t\t\t<img fetchpriority=\"high\" decoding=\"async\" width=\"460\" height=\"576\" src=\"https:\/\/www.bettertrust.com\/pr\/wp-content\/uploads\/2026\/01\/business-punk.webp\" class=\"attachment-large size-large wp-image-17\" alt=\"\" srcset=\"https:\/\/www.bettertrust.com\/pr\/wp-content\/uploads\/2026\/01\/business-punk.webp 460w, https:\/\/www.bettertrust.com\/pr\/wp-content\/uploads\/2026\/01\/business-punk-240x300.webp 240w\" sizes=\"(max-width: 460px) 100vw, 460px\" \/>\t\t\t\t\t\t\t\t\t\t\t\t\t\t\t<\/div>\n\t\t\t\t<div class=\"elementor-element elementor-element-7dba621 elementor-widget__width-initial elementor-widget elementor-widget-image\" data-id=\"7dba621\" data-element_type=\"widget\" data-e-type=\"widget\" data-widget_type=\"image.default\">\n\t\t\t\t\t\t\t\t\t\t\t\t\t\t\t<img decoding=\"async\" width=\"800\" height=\"203\" src=\"https:\/\/www.bettertrust.com\/pr\/wp-content\/uploads\/2026\/02\/1Frame-14-1024x260.webp\" class=\"attachment-large size-large wp-image-1222\" alt=\"\" srcset=\"https:\/\/www.bettertrust.com\/pr\/wp-content\/uploads\/2026\/02\/1Frame-14-1024x260.webp 1024w, https:\/\/www.bettertrust.com\/pr\/wp-content\/uploads\/2026\/02\/1Frame-14-300x76.webp 300w, https:\/\/www.bettertrust.com\/pr\/wp-content\/uploads\/2026\/02\/1Frame-14-768x195.webp 768w, https:\/\/www.bettertrust.com\/pr\/wp-content\/uploads\/2026\/02\/1Frame-14.webp 1120w\" sizes=\"(max-width: 800px) 100vw, 800px\" \/>\t\t\t\t\t\t\t\t\t\t\t\t\t\t\t<\/div>\n\t\t\t\t<div class=\"elementor-element elementor-element-e131404 elementor-widget__width-initial elementor-widget elementor-widget-image\" data-id=\"e131404\" data-element_type=\"widget\" data-e-type=\"widget\" data-widget_type=\"image.default\">\n\t\t\t\t\t\t\t\t\t\t\t\t\t\t\t<img decoding=\"async\" width=\"625\" height=\"625\" src=\"https:\/\/www.bettertrust.com\/pr\/wp-content\/uploads\/2026\/02\/PR_Report_Finalist-1.webp\" class=\"attachment-large size-large wp-image-1223\" alt=\"\" srcset=\"https:\/\/www.bettertrust.com\/pr\/wp-content\/uploads\/2026\/02\/PR_Report_Finalist-1.webp 625w, https:\/\/www.bettertrust.com\/pr\/wp-content\/uploads\/2026\/02\/PR_Report_Finalist-1-300x300.webp 300w, https:\/\/www.bettertrust.com\/pr\/wp-content\/uploads\/2026\/02\/PR_Report_Finalist-1-150x150.webp 150w\" sizes=\"(max-width: 625px) 100vw, 625px\" \/>\t\t\t\t\t\t\t\t\t\t\t\t\t\t\t<\/div>\n\t\t\t\t<div class=\"elementor-element elementor-element-ad1ce3d elementor-widget__width-initial elementor-widget elementor-widget-image\" data-id=\"ad1ce3d\" data-element_type=\"widget\" data-e-type=\"widget\" data-widget_type=\"image.default\">\n\t\t\t\t\t\t\t\t\t\t\t\t\t\t\t<img loading=\"lazy\" decoding=\"async\" width=\"289\" height=\"290\" src=\"https:\/\/www.bettertrust.com\/pr\/wp-content\/uploads\/2026\/02\/image-24.webp\" class=\"attachment-large size-large wp-image-1224\" alt=\"\" srcset=\"https:\/\/www.bettertrust.com\/pr\/wp-content\/uploads\/2026\/02\/image-24.webp 289w, https:\/\/www.bettertrust.com\/pr\/wp-content\/uploads\/2026\/02\/image-24-150x150.webp 150w\" sizes=\"(max-width: 289px) 100vw, 289px\" \/>\t\t\t\t\t\t\t\t\t\t\t\t\t\t\t<\/div>\n\t\t\t\t<\/div>\n\t\t<div class=\"elementor-element elementor-element-d77f3c8 e-con-full elementor-hidden-desktop elementor-hidden-tablet e-flex e-con e-child\" data-id=\"d77f3c8\" data-element_type=\"container\" data-e-type=\"container\">\n\t\t\t\t<div class=\"elementor-element elementor-element-3d7d25f elementor-widget__width-initial elementor-widget elementor-widget-image\" data-id=\"3d7d25f\" data-element_type=\"widget\" data-e-type=\"widget\" data-widget_type=\"image.default\">\n\t\t\t\t\t\t\t\t\t\t\t\t\t\t\t<img decoding=\"async\" width=\"800\" height=\"203\" src=\"https:\/\/www.bettertrust.com\/pr\/wp-content\/uploads\/2026\/02\/1Frame-14-1024x260.webp\" class=\"attachment-large size-large wp-image-1222\" alt=\"\" srcset=\"https:\/\/www.bettertrust.com\/pr\/wp-content\/uploads\/2026\/02\/1Frame-14-1024x260.webp 1024w, https:\/\/www.bettertrust.com\/pr\/wp-content\/uploads\/2026\/02\/1Frame-14-300x76.webp 300w, https:\/\/www.bettertrust.com\/pr\/wp-content\/uploads\/2026\/02\/1Frame-14-768x195.webp 768w, https:\/\/www.bettertrust.com\/pr\/wp-content\/uploads\/2026\/02\/1Frame-14.webp 1120w\" sizes=\"(max-width: 800px) 100vw, 800px\" \/>\t\t\t\t\t\t\t\t\t\t\t\t\t\t\t<\/div>\n\t\t<div class=\"elementor-element elementor-element-4801f51 e-con-full e-flex e-con e-child\" data-id=\"4801f51\" data-element_type=\"container\" data-e-type=\"container\">\n\t\t\t\t<div class=\"elementor-element elementor-element-6484b88 elementor-widget__width-initial elementor-widget elementor-widget-image\" data-id=\"6484b88\" data-element_type=\"widget\" data-e-type=\"widget\" data-widget_type=\"image.default\">\n\t\t\t\t\t\t\t\t\t\t\t\t\t\t\t<img decoding=\"async\" width=\"625\" height=\"625\" src=\"https:\/\/www.bettertrust.com\/pr\/wp-content\/uploads\/2026\/02\/PR_Report_Finalist-1.webp\" class=\"attachment-large size-large wp-image-1223\" alt=\"\" srcset=\"https:\/\/www.bettertrust.com\/pr\/wp-content\/uploads\/2026\/02\/PR_Report_Finalist-1.webp 625w, https:\/\/www.bettertrust.com\/pr\/wp-content\/uploads\/2026\/02\/PR_Report_Finalist-1-300x300.webp 300w, https:\/\/www.bettertrust.com\/pr\/wp-content\/uploads\/2026\/02\/PR_Report_Finalist-1-150x150.webp 150w\" sizes=\"(max-width: 625px) 100vw, 625px\" \/>\t\t\t\t\t\t\t\t\t\t\t\t\t\t\t<\/div>\n\t\t\t\t<div class=\"elementor-element elementor-element-1cc3c4e elementor-widget__width-initial elementor-widget elementor-widget-image\" data-id=\"1cc3c4e\" data-element_type=\"widget\" data-e-type=\"widget\" data-widget_type=\"image.default\">\n\t\t\t\t\t\t\t\t\t\t\t\t\t\t\t<img fetchpriority=\"high\" decoding=\"async\" width=\"460\" height=\"576\" src=\"https:\/\/www.bettertrust.com\/pr\/wp-content\/uploads\/2026\/01\/business-punk.webp\" class=\"attachment-large size-large wp-image-17\" alt=\"\" srcset=\"https:\/\/www.bettertrust.com\/pr\/wp-content\/uploads\/2026\/01\/business-punk.webp 460w, https:\/\/www.bettertrust.com\/pr\/wp-content\/uploads\/2026\/01\/business-punk-240x300.webp 240w\" sizes=\"(max-width: 460px) 100vw, 460px\" \/>\t\t\t\t\t\t\t\t\t\t\t\t\t\t\t<\/div>\n\t\t\t\t<div class=\"elementor-element elementor-element-796c3f2 elementor-widget__width-initial elementor-widget elementor-widget-image\" data-id=\"796c3f2\" data-element_type=\"widget\" data-e-type=\"widget\" data-widget_type=\"image.default\">\n\t\t\t\t\t\t\t\t\t\t\t\t\t\t\t<img loading=\"lazy\" decoding=\"async\" width=\"402\" height=\"208\" src=\"https:\/\/www.bettertrust.com\/pr\/wp-content\/uploads\/2026\/02\/4acbb238-preis2_10b605s00000000000001o.webp\" class=\"attachment-large size-large wp-image-1246\" alt=\"\" srcset=\"https:\/\/www.bettertrust.com\/pr\/wp-content\/uploads\/2026\/02\/4acbb238-preis2_10b605s00000000000001o.webp 402w, https:\/\/www.bettertrust.com\/pr\/wp-content\/uploads\/2026\/02\/4acbb238-preis2_10b605s00000000000001o-300x155.webp 300w\" sizes=\"(max-width: 402px) 100vw, 402px\" \/>\t\t\t\t\t\t\t\t\t\t\t\t\t\t\t<\/div>\n\t\t\t\t<\/div>\n\t\t\t\t<\/div>\n\t\t\t\t\t<\/div>\n\t\t\t\t<\/div>\n\t\t<div class=\"elementor-element elementor-element-3300d465 e-con-full e-flex e-con e-parent\" data-id=\"3300d465\" data-element_type=\"container\" data-e-type=\"container\" data-settings=\"{&quot;background_background&quot;:&quot;classic&quot;}\">\n\t\t<div class=\"elementor-element elementor-element-22b3204b e-con-full e-flex e-con e-child\" data-id=\"22b3204b\" data-element_type=\"container\" data-e-type=\"container\">\n\t\t\t\t<div class=\"elementor-element elementor-element-652adaf1 elementor-widget__width-initial elementor-widget elementor-widget-image\" data-id=\"652adaf1\" data-element_type=\"widget\" data-e-type=\"widget\" data-widget_type=\"image.default\">\n\t\t\t\t\t\t\t\t\t\t\t\t\t\t\t<img loading=\"lazy\" decoding=\"async\" width=\"800\" height=\"240\" src=\"https:\/\/www.bettertrust.com\/pr\/wp-content\/uploads\/2026\/02\/BETTERTRUST_Logo_neu_BT_Logo_white.webp\" class=\"attachment-large size-large wp-image-1217\" alt=\"\" srcset=\"https:\/\/www.bettertrust.com\/pr\/wp-content\/uploads\/2026\/02\/BETTERTRUST_Logo_neu_BT_Logo_white.webp 1000w, https:\/\/www.bettertrust.com\/pr\/wp-content\/uploads\/2026\/02\/BETTERTRUST_Logo_neu_BT_Logo_white-300x90.webp 300w, https:\/\/www.bettertrust.com\/pr\/wp-content\/uploads\/2026\/02\/BETTERTRUST_Logo_neu_BT_Logo_white-768x230.webp 768w\" sizes=\"(max-width: 800px) 100vw, 800px\" \/>\t\t\t\t\t\t\t\t\t\t\t\t\t\t\t<\/div>\n\t\t\t\t<\/div>\n\t\t<div class=\"elementor-element elementor-element-4574af7c e-con-full e-flex e-con e-child\" data-id=\"4574af7c\" data-element_type=\"container\" data-e-type=\"container\">\n\t\t\t\t<div class=\"elementor-element elementor-element-49c85b9d elementor-widget elementor-widget-heading\" data-id=\"49c85b9d\" data-element_type=\"widget\" data-e-type=\"widget\" data-widget_type=\"heading.default\">\n\t\t\t\t\t<h6 class=\"elementor-heading-title elementor-size-default\">Kontakt<\/h6>\t\t\t\t<\/div>\n\t\t\t\t<div class=\"elementor-element elementor-element-12c867e1 elementor-icon-list--layout-traditional elementor-list-item-link-full_width elementor-widget elementor-widget-icon-list\" data-id=\"12c867e1\" data-element_type=\"widget\" data-e-type=\"widget\" data-widget_type=\"icon-list.default\">\n\t\t\t\t\t\t\t<ul class=\"elementor-icon-list-items\">\n\t\t\t\t\t\t\t<li class=\"elementor-icon-list-item\">\n\t\t\t\t\t\t\t\t\t\t\t<a href=\"mailto:kontakt@bettertrust.de\">\n\n\t\t\t\t\t\t\t\t\t\t\t<span class=\"elementor-icon-list-text\">Mail: kontakt@bettertrust.com<\/span>\n\t\t\t\t\t\t\t\t\t\t\t<\/a>\n\t\t\t\t\t\t\t\t\t<\/li>\n\t\t\t\t\t\t\t\t<li class=\"elementor-icon-list-item\">\n\t\t\t\t\t\t\t\t\t\t\t<a href=\"tel:123-456-7890\">\n\n\t\t\t\t\t\t\t\t\t\t\t<span class=\"elementor-icon-list-text\">Tel: +49 30 3406010-80<\/span>\n\t\t\t\t\t\t\t\t\t\t\t<\/a>\n\t\t\t\t\t\t\t\t\t<\/li>\n\t\t\t\t\t\t\t\t<li class=\"elementor-icon-list-item\">\n\t\t\t\t\t\t\t\t\t\t<span class=\"elementor-icon-list-text\"><\/span>\n\t\t\t\t\t\t\t\t\t<\/li>\n\t\t\t\t\t\t<\/ul>\n\t\t\t\t\t\t<\/div>\n\t\t\t\t<div class=\"elementor-element elementor-element-2e4a07f9 elementor-widget elementor-widget-text-editor\" data-id=\"2e4a07f9\" data-element_type=\"widget\" data-e-type=\"widget\" data-widget_type=\"text-editor.default\">\n\t\t\t\t\t\t\t\t\t<p><b>Berlin<\/b><\/p><p>Luisenstra\u00dfe 40<\/p><p>D-10117 Berlin<\/p><p><b>Hamburg<\/b><\/p><p>Axel-Springer-Platz 3<\/p><p>D-20355 Hamburg<\/p>\t\t\t\t\t\t\t\t<\/div>\n\t\t\t\t<\/div>\n\t\t<div class=\"elementor-element elementor-element-4e8c98ea e-con-full e-flex e-con e-child\" data-id=\"4e8c98ea\" data-element_type=\"container\" data-e-type=\"container\">\n\t\t\t\t<div class=\"elementor-element elementor-element-3997b7e2 elementor-icon-list--layout-traditional elementor-list-item-link-full_width elementor-widget elementor-widget-icon-list\" data-id=\"3997b7e2\" data-element_type=\"widget\" data-e-type=\"widget\" data-widget_type=\"icon-list.default\">\n\t\t\t\t\t\t\t<ul class=\"elementor-icon-list-items\">\n\t\t\t\t\t\t\t<li class=\"elementor-icon-list-item\">\n\t\t\t\t\t\t\t\t\t\t\t<a href=\"mailto:contact@mysite.com\">\n\n\t\t\t\t\t\t\t\t\t\t\t<span class=\"elementor-icon-list-text\"><\/span>\n\t\t\t\t\t\t\t\t\t\t\t<\/a>\n\t\t\t\t\t\t\t\t\t<\/li>\n\t\t\t\t\t\t\t\t<li class=\"elementor-icon-list-item\">\n\t\t\t\t\t\t\t\t\t\t\t<a href=\"tel:123-456-7890\">\n\n\t\t\t\t\t\t\t\t\t\t\t<span class=\"elementor-icon-list-text\"><\/span>\n\t\t\t\t\t\t\t\t\t\t\t<\/a>\n\t\t\t\t\t\t\t\t\t<\/li>\n\t\t\t\t\t\t\t\t<li class=\"elementor-icon-list-item\">\n\t\t\t\t\t\t\t\t\t\t<span class=\"elementor-icon-list-text\"><\/span>\n\t\t\t\t\t\t\t\t\t<\/li>\n\t\t\t\t\t\t<\/ul>\n\t\t\t\t\t\t<\/div>\n\t\t\t\t<div class=\"elementor-element elementor-element-748b095a elementor-widget elementor-widget-text-editor\" data-id=\"748b095a\" data-element_type=\"widget\" data-e-type=\"widget\" data-widget_type=\"text-editor.default\">\n\t\t\t\t\t\t\t\t\t<p><b>M\u00fcnchen<\/b><\/p><p>Karlsplatz 3<\/p><p>D-80335 M\u00fcnchen<\/p><p><b>Wien<\/b><\/p><p>Getreidemarkt 17<\/p><p>A-1060 Wien<\/p>\t\t\t\t\t\t\t\t<\/div>\n\t\t\t\t<\/div>\n\t\t<div class=\"elementor-element elementor-element-1e032989 e-con-full e-flex e-con e-child\" data-id=\"1e032989\" data-element_type=\"container\" data-e-type=\"container\">\n\t\t\t\t<div class=\"elementor-element elementor-element-37b5b751 elementor-widget elementor-widget-heading\" data-id=\"37b5b751\" data-element_type=\"widget\" data-e-type=\"widget\" data-widget_type=\"heading.default\">\n\t\t\t\t\t<h6 class=\"elementor-heading-title elementor-size-default\">Rechtliches<\/h6>\t\t\t\t<\/div>\n\t\t\t\t<div class=\"elementor-element elementor-element-7ead3dc4 elementor-icon-list--layout-traditional elementor-list-item-link-full_width elementor-widget elementor-widget-icon-list\" data-id=\"7ead3dc4\" data-element_type=\"widget\" data-e-type=\"widget\" data-widget_type=\"icon-list.default\">\n\t\t\t\t\t\t\t<ul class=\"elementor-icon-list-items\">\n\t\t\t\t\t\t\t<li class=\"elementor-icon-list-item\">\n\t\t\t\t\t\t\t\t\t\t\t<a href=\"https:\/\/www.bettertrust.com\/impressum\/\">\n\n\t\t\t\t\t\t\t\t\t\t\t<span class=\"elementor-icon-list-text\">Impressum<\/span>\n\t\t\t\t\t\t\t\t\t\t\t<\/a>\n\t\t\t\t\t\t\t\t\t<\/li>\n\t\t\t\t\t\t\t\t<li class=\"elementor-icon-list-item\">\n\t\t\t\t\t\t\t\t\t\t\t<a href=\"https:\/\/www.bettertrust.com\/datenschutz\/\">\n\n\t\t\t\t\t\t\t\t\t\t\t<span class=\"elementor-icon-list-text\">Datenschutz<\/span>\n\t\t\t\t\t\t\t\t\t\t\t<\/a>\n\t\t\t\t\t\t\t\t\t<\/li>\n\t\t\t\t\t\t\t\t<li class=\"elementor-icon-list-item\">\n\t\t\t\t\t\t\t\t\t\t\t<a href=\"https:\/\/www.bettertrust.com\/agb\/\">\n\n\t\t\t\t\t\t\t\t\t\t\t<span class=\"elementor-icon-list-text\">AGB<\/span>\n\t\t\t\t\t\t\t\t\t\t\t<\/a>\n\t\t\t\t\t\t\t\t\t<\/li>\n\t\t\t\t\t\t<\/ul>\n\t\t\t\t\t\t<\/div>\n\t\t\t\t<\/div>\n\t\t\t\t<\/div>\n\t\t\t\t<\/div>\n\t\t","protected":false},"excerpt":{"rendered":"<p>Nehmen Sie Kontakt auf und gewinnen Sie Klarheit \u00fcber Ihr PR-Potenzial. Kontakt Mail: kontakt@bettertrust.com Tel: +49 30 3406010-80 Berlin Luisenstra\u00dfe 40 D-10117 Berlin Hamburg Axel-Springer-Platz 3 D-20355 Hamburg M\u00fcnchen Karlsplatz 3 D-80335 M\u00fcnchen Wien Getreidemarkt 17 A-1060 Wien Rechtliches Impressum Datenschutz AGB<\/p>\n","protected":false},"author":1,"featured_media":0,"parent":0,"menu_order":0,"comment_status":"closed","ping_status":"closed","template":"elementor_canvas","meta":{"footnotes":""},"class_list":["post-1292","page","type-page","status-publish","hentry"],"_links":{"self":[{"href":"https:\/\/www.bettertrust.com\/pr\/wp-json\/wp\/v2\/pages\/1292","targetHints":{"allow":["GET"]}}],"collection":[{"href":"https:\/\/www.bettertrust.com\/pr\/wp-json\/wp\/v2\/pages"}],"about":[{"href":"https:\/\/www.bettertrust.com\/pr\/wp-json\/wp\/v2\/types\/page"}],"author":[{"embeddable":true,"href":"https:\/\/www.bettertrust.com\/pr\/wp-json\/wp\/v2\/users\/1"}],"replies":[{"embeddable":true,"href":"https:\/\/www.bettertrust.com\/pr\/wp-json\/wp\/v2\/comments?post=1292"}],"version-history":[{"count":46,"href":"https:\/\/www.bettertrust.com\/pr\/wp-json\/wp\/v2\/pages\/1292\/revisions"}],"predecessor-version":[{"id":1824,"href":"https:\/\/www.bettertrust.com\/pr\/wp-json\/wp\/v2\/pages\/1292\/revisions\/1824"}],"wp:attachment":[{"href":"https:\/\/www.bettertrust.com\/pr\/wp-json\/wp\/v2\/media?parent=1292"}],"curies":[{"name":"wp","href":"https:\/\/api.w.org\/{rel}","templated":true}]}}